{"id":989259,"date":"2023-04-07T21:26:08","date_gmt":"2023-04-08T00:26:08","guid":{"rendered":"https:\/\/macherejoyeria.com\/?post_type=product&#038;p=989259"},"modified":"2023-04-20T18:40:55","modified_gmt":"2023-04-20T21:40:55","slug":"dormilona-diferentes-tamanos","status":"publish","type":"product","link":"https:\/\/macherejoyeria.com\/en\/product\/dormilona-diferentes-tamanos\/","title":{"rendered":"Sleeper (Different sizes)"},"content":{"rendered":"<div class=\"vgblk-rw-wrapper limit-wrapper\">Price per pair<\/p>\n<p>&nbsp;<\/p>\n<p>10K Gold<\/p>\n<p>&nbsp;<\/p>\n<p>-<\/p>\n<p>&nbsp;<\/p>\n<p>Manejamos desde el tama\u00f1o mini (ideal para recien nacidos)\u00a0 hasta modelo extra grande, preguntar por existencias.<\/p>\n<p>&nbsp;<\/p>\n<p>Precio de referencia, dormilona tama\u00f1o\u00a0 peque\u00f1o<\/p><\/div>\n<p><!-- .vgblk-rw-wrapper --><\/p>","protected":false},"excerpt":{"rendered":"<p>Precio por par, aprovecha!!! &nbsp; Oro 10K, 100% garantizado &nbsp; Con facilidad de comprar una sola pieza tambi\u00e9n,\u00a0 t\u00fa eliges!! &nbsp; Manejamos desde el tama\u00f1o mini (ideal para recien nacidos)\u00a0 hasta modelo extra grande, preguntar por existencias. &nbsp; Precio de referencia, dormilona tama\u00f1o\u00a0 peque\u00f1o<\/p>","protected":false},"featured_media":989260,"comment_status":"closed","ping_status":"closed","template":"","meta":[],"product_cat":[57],"product_tag":[],"class_list":{"0":"post-989259","1":"product","2":"type-product","3":"status-publish","4":"has-post-thumbnail","6":"product_cat-piercings","8":"first","9":"instock","10":"shipping-taxable","11":"purchasable","12":"product-type-simple"},"yoast_head":"<!-- This site is optimized with the Yoast SEO plugin v23.0 - https:\/\/yoast.com\/wordpress\/plugins\/seo\/ -->\n<title>Dormilona (Diferentes tama\u00f1os) - Ma ch\u00e8re Joyer\u00eda<\/title>\n<meta name=\"robots\" content=\"index, follow, max-snippet:-1, max-image-preview:large, max-video-preview:-1\" \/>\n<link rel=\"canonical\" href=\"https:\/\/macherejoyeria.com\/en\/product\/dormilona-diferentes-tamanos\/\" \/>\n<meta property=\"og:locale\" content=\"en_US\" \/>\n<meta property=\"og:type\" content=\"article\" \/>\n<meta property=\"og:title\" content=\"Dormilona (Diferentes tama\u00f1os) - Ma ch\u00e8re Joyer\u00eda\" \/>\n<meta property=\"og:description\" content=\"Precio por par, aprovecha!!! &nbsp; Oro 10K, 100% garantizado &nbsp; Con facilidad de comprar una sola pieza tambi\u00e9n,\u00a0 t\u00fa eliges!! &nbsp; Manejamos desde el tama\u00f1o mini (ideal para recien nacidos)\u00a0 hasta modelo extra grande, preguntar por existencias. &nbsp; Precio de referencia, dormilona tama\u00f1o\u00a0 peque\u00f1o\" \/>\n<meta property=\"og:url\" content=\"https:\/\/macherejoyeria.com\/en\/product\/dormilona-diferentes-tamanos\/\" \/>\n<meta property=\"og:site_name\" content=\"Ma ch\u00e8re Joyer\u00eda\" \/>\n<meta property=\"article:modified_time\" content=\"2023-04-20T21:40:55+00:00\" \/>\n<meta property=\"og:image\" content=\"https:\/\/macherejoyeria.com\/wp-content\/uploads\/2023\/04\/WhatsApp-Image-2023-04-07-at-18.08.54-1.jpeg\" \/>\n\t<meta property=\"og:image:width\" content=\"1149\" \/>\n\t<meta property=\"og:image:height\" content=\"922\" \/>\n\t<meta property=\"og:image:type\" content=\"image\/jpeg\" \/>\n<meta name=\"twitter:card\" content=\"summary_large_image\" \/>\n<script type=\"application\/ld+json\" class=\"yoast-schema-graph\">{\"@context\":\"https:\/\/schema.org\",\"@graph\":[{\"@type\":\"WebPage\",\"@id\":\"https:\/\/macherejoyeria.com\/product\/dormilona-diferentes-tamanos\/\",\"url\":\"https:\/\/macherejoyeria.com\/product\/dormilona-diferentes-tamanos\/\",\"name\":\"Dormilona (Diferentes tama\u00f1os) - Ma ch\u00e8re Joyer\u00eda\",\"isPartOf\":{\"@id\":\"https:\/\/macherejoyeria.com\/#website\"},\"primaryImageOfPage\":{\"@id\":\"https:\/\/macherejoyeria.com\/product\/dormilona-diferentes-tamanos\/#primaryimage\"},\"image\":{\"@id\":\"https:\/\/macherejoyeria.com\/product\/dormilona-diferentes-tamanos\/#primaryimage\"},\"thumbnailUrl\":\"https:\/\/macherejoyeria.com\/wp-content\/uploads\/2023\/04\/WhatsApp-Image-2023-04-07-at-18.08.54-1.jpeg\",\"datePublished\":\"2023-04-08T00:26:08+00:00\",\"dateModified\":\"2023-04-20T21:40:55+00:00\",\"breadcrumb\":{\"@id\":\"https:\/\/macherejoyeria.com\/product\/dormilona-diferentes-tamanos\/#breadcrumb\"},\"inLanguage\":\"en-US\",\"potentialAction\":[{\"@type\":\"ReadAction\",\"target\":[\"https:\/\/macherejoyeria.com\/product\/dormilona-diferentes-tamanos\/\"]}]},{\"@type\":\"ImageObject\",\"inLanguage\":\"en-US\",\"@id\":\"https:\/\/macherejoyeria.com\/product\/dormilona-diferentes-tamanos\/#primaryimage\",\"url\":\"https:\/\/macherejoyeria.com\/wp-content\/uploads\/2023\/04\/WhatsApp-Image-2023-04-07-at-18.08.54-1.jpeg\",\"contentUrl\":\"https:\/\/macherejoyeria.com\/wp-content\/uploads\/2023\/04\/WhatsApp-Image-2023-04-07-at-18.08.54-1.jpeg\",\"width\":1149,\"height\":922},{\"@type\":\"BreadcrumbList\",\"@id\":\"https:\/\/macherejoyeria.com\/product\/dormilona-diferentes-tamanos\/#breadcrumb\",\"itemListElement\":[{\"@type\":\"ListItem\",\"position\":1,\"name\":\"Inicio\",\"item\":\"https:\/\/macherejoyeria.com\/en\/\"},{\"@type\":\"ListItem\",\"position\":2,\"name\":\"Productos\",\"item\":\"https:\/\/macherejoyeria.com\/shop\/\"},{\"@type\":\"ListItem\",\"position\":3,\"name\":\"Dormilona (Diferentes tama\u00f1os)\"}]},{\"@type\":\"WebSite\",\"@id\":\"https:\/\/macherejoyeria.com\/#website\",\"url\":\"https:\/\/macherejoyeria.com\/\",\"name\":\"Ma ch\u00e8re Joyer\u00eda\",\"description\":\"\",\"publisher\":{\"@id\":\"https:\/\/macherejoyeria.com\/#organization\"},\"potentialAction\":[{\"@type\":\"SearchAction\",\"target\":{\"@type\":\"EntryPoint\",\"urlTemplate\":\"https:\/\/macherejoyeria.com\/?s={search_term_string}\"},\"query-input\":\"required name=search_term_string\"}],\"inLanguage\":\"en-US\"},{\"@type\":\"Organization\",\"@id\":\"https:\/\/macherejoyeria.com\/#organization\",\"name\":\"Ma ch\u00e8re Joyer\u00eda\",\"url\":\"https:\/\/macherejoyeria.com\/\",\"logo\":{\"@type\":\"ImageObject\",\"inLanguage\":\"en-US\",\"@id\":\"https:\/\/macherejoyeria.com\/#\/schema\/logo\/image\/\",\"url\":\"https:\/\/macherejoyeria.com\/wp-content\/uploads\/2020\/02\/logo-nuevo-1.png\",\"contentUrl\":\"https:\/\/macherejoyeria.com\/wp-content\/uploads\/2020\/02\/logo-nuevo-1.png\",\"width\":562,\"height\":562,\"caption\":\"Ma ch\u00e8re Joyer\u00eda\"},\"image\":{\"@id\":\"https:\/\/macherejoyeria.com\/#\/schema\/logo\/image\/\"}}]}<\/script>\n<!-- \/ Yoast SEO plugin. -->","yoast_head_json":{"title":"Dormilona (Diferentes tama\u00f1os) - Ma ch\u00e8re Joyer\u00eda","robots":{"index":"index","follow":"follow","max-snippet":"max-snippet:-1","max-image-preview":"max-image-preview:large","max-video-preview":"max-video-preview:-1"},"canonical":"https:\/\/macherejoyeria.com\/en\/product\/dormilona-diferentes-tamanos\/","og_locale":"en_US","og_type":"article","og_title":"Dormilona (Diferentes tama\u00f1os) - Ma ch\u00e8re Joyer\u00eda","og_description":"Precio por par, aprovecha!!! &nbsp; Oro 10K, 100% garantizado &nbsp; Con facilidad de comprar una sola pieza tambi\u00e9n,\u00a0 t\u00fa eliges!! &nbsp; Manejamos desde el tama\u00f1o mini (ideal para recien nacidos)\u00a0 hasta modelo extra grande, preguntar por existencias. &nbsp; Precio de referencia, dormilona tama\u00f1o\u00a0 peque\u00f1o","og_url":"https:\/\/macherejoyeria.com\/en\/product\/dormilona-diferentes-tamanos\/","og_site_name":"Ma ch\u00e8re Joyer\u00eda","article_modified_time":"2023-04-20T21:40:55+00:00","og_image":[{"width":1149,"height":922,"url":"https:\/\/macherejoyeria.com\/wp-content\/uploads\/2023\/04\/WhatsApp-Image-2023-04-07-at-18.08.54-1.jpeg","type":"image\/jpeg"}],"twitter_card":"summary_large_image","schema":{"@context":"https:\/\/schema.org","@graph":[{"@type":"WebPage","@id":"https:\/\/macherejoyeria.com\/product\/dormilona-diferentes-tamanos\/","url":"https:\/\/macherejoyeria.com\/product\/dormilona-diferentes-tamanos\/","name":"Dormilona (Diferentes tama\u00f1os) - Ma ch\u00e8re Joyer\u00eda","isPartOf":{"@id":"https:\/\/macherejoyeria.com\/#website"},"primaryImageOfPage":{"@id":"https:\/\/macherejoyeria.com\/product\/dormilona-diferentes-tamanos\/#primaryimage"},"image":{"@id":"https:\/\/macherejoyeria.com\/product\/dormilona-diferentes-tamanos\/#primaryimage"},"thumbnailUrl":"https:\/\/macherejoyeria.com\/wp-content\/uploads\/2023\/04\/WhatsApp-Image-2023-04-07-at-18.08.54-1.jpeg","datePublished":"2023-04-08T00:26:08+00:00","dateModified":"2023-04-20T21:40:55+00:00","breadcrumb":{"@id":"https:\/\/macherejoyeria.com\/product\/dormilona-diferentes-tamanos\/#breadcrumb"},"inLanguage":"en-US","potentialAction":[{"@type":"ReadAction","target":["https:\/\/macherejoyeria.com\/product\/dormilona-diferentes-tamanos\/"]}]},{"@type":"ImageObject","inLanguage":"en-US","@id":"https:\/\/macherejoyeria.com\/product\/dormilona-diferentes-tamanos\/#primaryimage","url":"https:\/\/macherejoyeria.com\/wp-content\/uploads\/2023\/04\/WhatsApp-Image-2023-04-07-at-18.08.54-1.jpeg","contentUrl":"https:\/\/macherejoyeria.com\/wp-content\/uploads\/2023\/04\/WhatsApp-Image-2023-04-07-at-18.08.54-1.jpeg","width":1149,"height":922},{"@type":"BreadcrumbList","@id":"https:\/\/macherejoyeria.com\/product\/dormilona-diferentes-tamanos\/#breadcrumb","itemListElement":[{"@type":"ListItem","position":1,"name":"Inicio","item":"https:\/\/macherejoyeria.com\/en\/"},{"@type":"ListItem","position":2,"name":"Productos","item":"https:\/\/macherejoyeria.com\/shop\/"},{"@type":"ListItem","position":3,"name":"Dormilona (Diferentes tama\u00f1os)"}]},{"@type":"WebSite","@id":"https:\/\/macherejoyeria.com\/#website","url":"https:\/\/macherejoyeria.com\/","name":"Ma ch\u00e8re Joyer\u00eda","description":"","publisher":{"@id":"https:\/\/macherejoyeria.com\/#organization"},"potentialAction":[{"@type":"SearchAction","target":{"@type":"EntryPoint","urlTemplate":"https:\/\/macherejoyeria.com\/?s={search_term_string}"},"query-input":"required name=search_term_string"}],"inLanguage":"en-US"},{"@type":"Organization","@id":"https:\/\/macherejoyeria.com\/#organization","name":"Ma ch\u00e8re Joyer\u00eda","url":"https:\/\/macherejoyeria.com\/","logo":{"@type":"ImageObject","inLanguage":"en-US","@id":"https:\/\/macherejoyeria.com\/#\/schema\/logo\/image\/","url":"https:\/\/macherejoyeria.com\/wp-content\/uploads\/2020\/02\/logo-nuevo-1.png","contentUrl":"https:\/\/macherejoyeria.com\/wp-content\/uploads\/2020\/02\/logo-nuevo-1.png","width":562,"height":562,"caption":"Ma ch\u00e8re Joyer\u00eda"},"image":{"@id":"https:\/\/macherejoyeria.com\/#\/schema\/logo\/image\/"}}]}},"_links":{"self":[{"href":"https:\/\/macherejoyeria.com\/en\/wp-json\/wp\/v2\/product\/989259","targetHints":{"allow":["GET"]}}],"collection":[{"href":"https:\/\/macherejoyeria.com\/en\/wp-json\/wp\/v2\/product"}],"about":[{"href":"https:\/\/macherejoyeria.com\/en\/wp-json\/wp\/v2\/types\/product"}],"replies":[{"embeddable":true,"href":"https:\/\/macherejoyeria.com\/en\/wp-json\/wp\/v2\/comments?post=989259"}],"version-history":[{"count":1,"href":"https:\/\/macherejoyeria.com\/en\/wp-json\/wp\/v2\/product\/989259\/revisions"}],"predecessor-version":[{"id":989261,"href":"https:\/\/macherejoyeria.com\/en\/wp-json\/wp\/v2\/product\/989259\/revisions\/989261"}],"wp:featuredmedia":[{"embeddable":true,"href":"https:\/\/macherejoyeria.com\/en\/wp-json\/wp\/v2\/media\/989260"}],"wp:attachment":[{"href":"https:\/\/macherejoyeria.com\/en\/wp-json\/wp\/v2\/media?parent=989259"}],"wp:term":[{"taxonomy":"product_cat","embeddable":true,"href":"https:\/\/macherejoyeria.com\/en\/wp-json\/wp\/v2\/product_cat?post=989259"},{"taxonomy":"product_tag","embeddable":true,"href":"https:\/\/macherejoyeria.com\/en\/wp-json\/wp\/v2\/product_tag?post=989259"}],"curies":[{"name":"wp","href":"https:\/\/api.w.org\/{rel}","templated":true}]}}