{"id":988966,"date":"2022-10-27T14:21:09","date_gmt":"2022-10-27T17:21:09","guid":{"rendered":"https:\/\/macherejoyeria.com\/?post_type=product&#038;p=988966"},"modified":"2023-04-07T18:20:44","modified_gmt":"2023-04-07T21:20:44","slug":"arracada-de-cadena","status":"publish","type":"product","link":"https:\/\/macherejoyeria.com\/en\/product\/arracada-de-cadena\/","title":{"rendered":"Chain hoop"},"content":{"rendered":"<div class=\"vgblk-rw-wrapper limit-wrapper\">-<\/p>\n<p>&nbsp;<\/p>\n<p>Available in Canada<\/p>\n<p>&nbsp;<\/p>\n<p>Gold plated<\/p>\n<p>&nbsp;<\/p>\n<p>&nbsp;<\/p>\n<p>En descuento hasta agotar existencias<\/p><\/div>\n<p><!-- .vgblk-rw-wrapper --><\/p>","protected":false},"excerpt":{"rendered":"<p>POR EL MOMENTO AGOTADO EN M\u00c9XICO! &nbsp; Disponible \u00fanicamente en Canad\u00e1 &nbsp; Chapa de oro &nbsp; &nbsp; En descuento hasta agotar existencias<\/p>","protected":false},"featured_media":988967,"comment_status":"closed","ping_status":"closed","template":"","meta":[],"product_cat":[77],"product_tag":[],"class_list":{"0":"post-988966","1":"product","2":"type-product","3":"status-publish","4":"has-post-thumbnail","6":"product_cat-aretesarracadas","8":"first","9":"instock","10":"sale","11":"shipping-taxable","12":"purchasable","13":"product-type-simple"},"yoast_head":"<!-- This site is optimized with the Yoast SEO plugin v23.0 - https:\/\/yoast.com\/wordpress\/plugins\/seo\/ -->\n<title>Arracada de cadena - Ma ch\u00e8re Joyer\u00eda<\/title>\n<meta name=\"robots\" content=\"index, follow, max-snippet:-1, max-image-preview:large, max-video-preview:-1\" \/>\n<link rel=\"canonical\" href=\"https:\/\/macherejoyeria.com\/en\/product\/arracada-de-cadena\/\" \/>\n<meta property=\"og:locale\" content=\"en_US\" \/>\n<meta property=\"og:type\" content=\"article\" \/>\n<meta property=\"og:title\" content=\"Arracada de cadena - Ma ch\u00e8re Joyer\u00eda\" \/>\n<meta property=\"og:description\" content=\"POR EL MOMENTO AGOTADO EN M\u00c9XICO! &nbsp; Disponible \u00fanicamente en Canad\u00e1 &nbsp; Chapa de oro &nbsp; &nbsp; En descuento hasta agotar existencias\" \/>\n<meta property=\"og:url\" content=\"https:\/\/macherejoyeria.com\/en\/product\/arracada-de-cadena\/\" \/>\n<meta property=\"og:site_name\" content=\"Ma ch\u00e8re Joyer\u00eda\" \/>\n<meta property=\"article:modified_time\" content=\"2023-04-07T21:20:44+00:00\" \/>\n<meta property=\"og:image\" content=\"https:\/\/macherejoyeria.com\/wp-content\/uploads\/2022\/10\/B4615031-3658-40E6-9F16-D8D067F24D11.jpg\" \/>\n\t<meta property=\"og:image:width\" content=\"1440\" \/>\n\t<meta property=\"og:image:height\" content=\"1440\" \/>\n\t<meta property=\"og:image:type\" content=\"image\/jpeg\" \/>\n<meta name=\"twitter:card\" content=\"summary_large_image\" \/>\n<script type=\"application\/ld+json\" class=\"yoast-schema-graph\">{\"@context\":\"https:\/\/schema.org\",\"@graph\":[{\"@type\":\"WebPage\",\"@id\":\"https:\/\/macherejoyeria.com\/product\/arracada-de-cadena\/\",\"url\":\"https:\/\/macherejoyeria.com\/product\/arracada-de-cadena\/\",\"name\":\"Arracada de cadena - Ma ch\u00e8re Joyer\u00eda\",\"isPartOf\":{\"@id\":\"https:\/\/macherejoyeria.com\/#website\"},\"primaryImageOfPage\":{\"@id\":\"https:\/\/macherejoyeria.com\/product\/arracada-de-cadena\/#primaryimage\"},\"image\":{\"@id\":\"https:\/\/macherejoyeria.com\/product\/arracada-de-cadena\/#primaryimage\"},\"thumbnailUrl\":\"https:\/\/macherejoyeria.com\/wp-content\/uploads\/2022\/10\/B4615031-3658-40E6-9F16-D8D067F24D11.jpg\",\"datePublished\":\"2022-10-27T17:21:09+00:00\",\"dateModified\":\"2023-04-07T21:20:44+00:00\",\"breadcrumb\":{\"@id\":\"https:\/\/macherejoyeria.com\/product\/arracada-de-cadena\/#breadcrumb\"},\"inLanguage\":\"en-US\",\"potentialAction\":[{\"@type\":\"ReadAction\",\"target\":[\"https:\/\/macherejoyeria.com\/product\/arracada-de-cadena\/\"]}]},{\"@type\":\"ImageObject\",\"inLanguage\":\"en-US\",\"@id\":\"https:\/\/macherejoyeria.com\/product\/arracada-de-cadena\/#primaryimage\",\"url\":\"https:\/\/macherejoyeria.com\/wp-content\/uploads\/2022\/10\/B4615031-3658-40E6-9F16-D8D067F24D11.jpg\",\"contentUrl\":\"https:\/\/macherejoyeria.com\/wp-content\/uploads\/2022\/10\/B4615031-3658-40E6-9F16-D8D067F24D11.jpg\",\"width\":1440,\"height\":1440},{\"@type\":\"BreadcrumbList\",\"@id\":\"https:\/\/macherejoyeria.com\/product\/arracada-de-cadena\/#breadcrumb\",\"itemListElement\":[{\"@type\":\"ListItem\",\"position\":1,\"name\":\"Inicio\",\"item\":\"https:\/\/macherejoyeria.com\/en\/\"},{\"@type\":\"ListItem\",\"position\":2,\"name\":\"Productos\",\"item\":\"https:\/\/macherejoyeria.com\/shop\/\"},{\"@type\":\"ListItem\",\"position\":3,\"name\":\"Arracada de cadena\"}]},{\"@type\":\"WebSite\",\"@id\":\"https:\/\/macherejoyeria.com\/#website\",\"url\":\"https:\/\/macherejoyeria.com\/\",\"name\":\"Ma ch\u00e8re Joyer\u00eda\",\"description\":\"\",\"publisher\":{\"@id\":\"https:\/\/macherejoyeria.com\/#organization\"},\"potentialAction\":[{\"@type\":\"SearchAction\",\"target\":{\"@type\":\"EntryPoint\",\"urlTemplate\":\"https:\/\/macherejoyeria.com\/?s={search_term_string}\"},\"query-input\":\"required name=search_term_string\"}],\"inLanguage\":\"en-US\"},{\"@type\":\"Organization\",\"@id\":\"https:\/\/macherejoyeria.com\/#organization\",\"name\":\"Ma ch\u00e8re Joyer\u00eda\",\"url\":\"https:\/\/macherejoyeria.com\/\",\"logo\":{\"@type\":\"ImageObject\",\"inLanguage\":\"en-US\",\"@id\":\"https:\/\/macherejoyeria.com\/#\/schema\/logo\/image\/\",\"url\":\"https:\/\/macherejoyeria.com\/wp-content\/uploads\/2020\/02\/logo-nuevo-1.png\",\"contentUrl\":\"https:\/\/macherejoyeria.com\/wp-content\/uploads\/2020\/02\/logo-nuevo-1.png\",\"width\":562,\"height\":562,\"caption\":\"Ma ch\u00e8re Joyer\u00eda\"},\"image\":{\"@id\":\"https:\/\/macherejoyeria.com\/#\/schema\/logo\/image\/\"}}]}<\/script>\n<!-- \/ Yoast SEO plugin. -->","yoast_head_json":{"title":"Arracada de cadena - Ma ch\u00e8re Joyer\u00eda","robots":{"index":"index","follow":"follow","max-snippet":"max-snippet:-1","max-image-preview":"max-image-preview:large","max-video-preview":"max-video-preview:-1"},"canonical":"https:\/\/macherejoyeria.com\/en\/product\/arracada-de-cadena\/","og_locale":"en_US","og_type":"article","og_title":"Arracada de cadena - Ma ch\u00e8re Joyer\u00eda","og_description":"POR EL MOMENTO AGOTADO EN M\u00c9XICO! &nbsp; Disponible \u00fanicamente en Canad\u00e1 &nbsp; Chapa de oro &nbsp; &nbsp; En descuento hasta agotar existencias","og_url":"https:\/\/macherejoyeria.com\/en\/product\/arracada-de-cadena\/","og_site_name":"Ma ch\u00e8re Joyer\u00eda","article_modified_time":"2023-04-07T21:20:44+00:00","og_image":[{"width":1440,"height":1440,"url":"https:\/\/macherejoyeria.com\/wp-content\/uploads\/2022\/10\/B4615031-3658-40E6-9F16-D8D067F24D11.jpg","type":"image\/jpeg"}],"twitter_card":"summary_large_image","schema":{"@context":"https:\/\/schema.org","@graph":[{"@type":"WebPage","@id":"https:\/\/macherejoyeria.com\/product\/arracada-de-cadena\/","url":"https:\/\/macherejoyeria.com\/product\/arracada-de-cadena\/","name":"Arracada de cadena - Ma ch\u00e8re Joyer\u00eda","isPartOf":{"@id":"https:\/\/macherejoyeria.com\/#website"},"primaryImageOfPage":{"@id":"https:\/\/macherejoyeria.com\/product\/arracada-de-cadena\/#primaryimage"},"image":{"@id":"https:\/\/macherejoyeria.com\/product\/arracada-de-cadena\/#primaryimage"},"thumbnailUrl":"https:\/\/macherejoyeria.com\/wp-content\/uploads\/2022\/10\/B4615031-3658-40E6-9F16-D8D067F24D11.jpg","datePublished":"2022-10-27T17:21:09+00:00","dateModified":"2023-04-07T21:20:44+00:00","breadcrumb":{"@id":"https:\/\/macherejoyeria.com\/product\/arracada-de-cadena\/#breadcrumb"},"inLanguage":"en-US","potentialAction":[{"@type":"ReadAction","target":["https:\/\/macherejoyeria.com\/product\/arracada-de-cadena\/"]}]},{"@type":"ImageObject","inLanguage":"en-US","@id":"https:\/\/macherejoyeria.com\/product\/arracada-de-cadena\/#primaryimage","url":"https:\/\/macherejoyeria.com\/wp-content\/uploads\/2022\/10\/B4615031-3658-40E6-9F16-D8D067F24D11.jpg","contentUrl":"https:\/\/macherejoyeria.com\/wp-content\/uploads\/2022\/10\/B4615031-3658-40E6-9F16-D8D067F24D11.jpg","width":1440,"height":1440},{"@type":"BreadcrumbList","@id":"https:\/\/macherejoyeria.com\/product\/arracada-de-cadena\/#breadcrumb","itemListElement":[{"@type":"ListItem","position":1,"name":"Inicio","item":"https:\/\/macherejoyeria.com\/en\/"},{"@type":"ListItem","position":2,"name":"Productos","item":"https:\/\/macherejoyeria.com\/shop\/"},{"@type":"ListItem","position":3,"name":"Arracada de cadena"}]},{"@type":"WebSite","@id":"https:\/\/macherejoyeria.com\/#website","url":"https:\/\/macherejoyeria.com\/","name":"Ma ch\u00e8re Joyer\u00eda","description":"","publisher":{"@id":"https:\/\/macherejoyeria.com\/#organization"},"potentialAction":[{"@type":"SearchAction","target":{"@type":"EntryPoint","urlTemplate":"https:\/\/macherejoyeria.com\/?s={search_term_string}"},"query-input":"required name=search_term_string"}],"inLanguage":"en-US"},{"@type":"Organization","@id":"https:\/\/macherejoyeria.com\/#organization","name":"Ma ch\u00e8re Joyer\u00eda","url":"https:\/\/macherejoyeria.com\/","logo":{"@type":"ImageObject","inLanguage":"en-US","@id":"https:\/\/macherejoyeria.com\/#\/schema\/logo\/image\/","url":"https:\/\/macherejoyeria.com\/wp-content\/uploads\/2020\/02\/logo-nuevo-1.png","contentUrl":"https:\/\/macherejoyeria.com\/wp-content\/uploads\/2020\/02\/logo-nuevo-1.png","width":562,"height":562,"caption":"Ma ch\u00e8re Joyer\u00eda"},"image":{"@id":"https:\/\/macherejoyeria.com\/#\/schema\/logo\/image\/"}}]}},"_links":{"self":[{"href":"https:\/\/macherejoyeria.com\/en\/wp-json\/wp\/v2\/product\/988966","targetHints":{"allow":["GET"]}}],"collection":[{"href":"https:\/\/macherejoyeria.com\/en\/wp-json\/wp\/v2\/product"}],"about":[{"href":"https:\/\/macherejoyeria.com\/en\/wp-json\/wp\/v2\/types\/product"}],"replies":[{"embeddable":true,"href":"https:\/\/macherejoyeria.com\/en\/wp-json\/wp\/v2\/comments?post=988966"}],"version-history":[{"count":5,"href":"https:\/\/macherejoyeria.com\/en\/wp-json\/wp\/v2\/product\/988966\/revisions"}],"predecessor-version":[{"id":989203,"href":"https:\/\/macherejoyeria.com\/en\/wp-json\/wp\/v2\/product\/988966\/revisions\/989203"}],"wp:featuredmedia":[{"embeddable":true,"href":"https:\/\/macherejoyeria.com\/en\/wp-json\/wp\/v2\/media\/988967"}],"wp:attachment":[{"href":"https:\/\/macherejoyeria.com\/en\/wp-json\/wp\/v2\/media?parent=988966"}],"wp:term":[{"taxonomy":"product_cat","embeddable":true,"href":"https:\/\/macherejoyeria.com\/en\/wp-json\/wp\/v2\/product_cat?post=988966"},{"taxonomy":"product_tag","embeddable":true,"href":"https:\/\/macherejoyeria.com\/en\/wp-json\/wp\/v2\/product_tag?post=988966"}],"curies":[{"name":"wp","href":"https:\/\/api.w.org\/{rel}","templated":true}]}}