{"id":989529,"date":"2024-01-31T19:21:38","date_gmt":"2024-01-31T22:21:38","guid":{"rendered":"https:\/\/macherejoyeria.com\/?page_id=989529"},"modified":"2024-07-05T14:20:09","modified_gmt":"2024-07-05T17:20:09","slug":"inicio-2","status":"publish","type":"page","link":"https:\/\/macherejoyeria.com\/en\/","title":{"rendered":"Home"},"content":{"rendered":"<div data-elementor-type=\"wp-page\" data-elementor-id=\"989529\" class=\"elementor elementor-989529\" data-elementor-post-type=\"page\">\n\t\t\t\t\t\t<section data-particle_enable=\"false\" data-particle-mobile-disabled=\"false\" class=\"elementor-section elementor-top-section elementor-element elementor-element-a0ad116 elementor-section-height-min-height elementor-section-boxed elementor-section-height-default elementor-section-items-middle\" data-id=\"a0ad116\" data-element_type=\"section\" data-settings=\"{&quot;background_background&quot;:&quot;classic&quot;}\">\n\t\t\t\t\t\t<div class=\"elementor-container elementor-column-gap-default\">\n\t\t\t\t\t<div class=\"elementor-column elementor-col-100 elementor-top-column elementor-element elementor-element-1b199af\" data-id=\"1b199af\" data-element_type=\"column\">\n\t\t\t<div class=\"elementor-widget-wrap elementor-element-populated\">\n\t\t\t\t\t\t<div class=\"elementor-element elementor-element-b95f485 elementor-widget elementor-widget-image\" data-id=\"b95f485\" data-element_type=\"widget\" data-widget_type=\"image.default\">\n\t\t\t\t<div class=\"elementor-widget-container\">\n\t\t\t\t\t\t\t<div class=\"elementor-image\">\n\t\t\t\t\t\t\t\t\t\t\t\t\t\t\t\t\t\t\t\t\t<img fetchpriority=\"high\" decoding=\"async\" width=\"840\" height=\"460\" src=\"https:\/\/macherejoyeria.com\/wp-content\/uploads\/2024\/02\/logo.png\" class=\"attachment-full size-full wp-image-989599\" alt=\"\" srcset=\"https:\/\/macherejoyeria.com\/wp-content\/uploads\/2024\/02\/logo.png 840w, https:\/\/macherejoyeria.com\/wp-content\/uploads\/2024\/02\/logo-300x164.png 300w, https:\/\/macherejoyeria.com\/wp-content\/uploads\/2024\/02\/logo-768x421.png 768w, https:\/\/macherejoyeria.com\/wp-content\/uploads\/2024\/02\/logo-18x10.png 18w, https:\/\/macherejoyeria.com\/wp-content\/uploads\/2024\/02\/logo-420x230.png 420w, https:\/\/macherejoyeria.com\/wp-content\/uploads\/2024\/02\/logo-630x345.png 630w\" sizes=\"(max-width: 840px) 100vw, 840px\" \/>\t\t\t\t\t\t\t\t\t\t\t\t\t\t\t\t\t\t\t\t\t\t\t\t<\/div>\n\t\t\t\t\t\t<\/div>\n\t\t\t\t<\/div>\n\t\t\t\t<div class=\"elementor-element elementor-element-1d5b8e0 elementor-widget elementor-widget-heading\" data-id=\"1d5b8e0\" data-element_type=\"widget\" data-widget_type=\"heading.default\">\n\t\t\t\t<div class=\"elementor-widget-container\">\n\t\t\t<h2 class=\"elementor-heading-title elementor-size-default\">_________<\/h2>\t\t<\/div>\n\t\t\t\t<\/div>\n\t\t\t\t<div class=\"elementor-element elementor-element-2e36ca4 elementor-widget elementor-widget-html\" data-id=\"2e36ca4\" data-element_type=\"widget\" data-widget_type=\"html.default\">\n\t\t\t\t<div class=\"elementor-widget-container\">\n\t\t\t<div class=\"head\">\n<div id=\"message\">\nPOR FAVOR SELECCIONA TU PAIS\n<\/div>\n<img decoding=\"async\" src=\"https:\/\/macherejoyeria.com\/wp-content\/uploads\/2024\/02\/caret.png\">\n<\/div>\n\n<div class=\"intro-menu\">\n    <a href=\"https:\/\/macherejoyeria.com\/en\/inicio\">CANADA (ENGLISH)<img decoding=\"async\" src=\"https:\/\/macherejoyeria.com\/wp-content\/uploads\/2024\/02\/canada.png\"><\/a>\n    <a href=\"https:\/\/macherejoyeria.com\/en\/inicio\/\">M\u00c9XICO (ESPA\u00d1OL)<img decoding=\"async\" src=\"https:\/\/macherejoyeria.com\/wp-content\/uploads\/2024\/02\/mexico.png\"><\/a>\n<\/div>\n\n<script>\n\nvar lang = navigator.language || navigator.userLanguage;\n\nif(lang.includes(\"en\")){\n    jQuery(\"#message\").html(\"PLEASE SELECT YOUR COUNTRY\");\n}\n\nvar open = false;\n    jQuery(\".head\").click(() => {\n        if(!open) {\n          jQuery(\".intro-menu\").addClass(\"open\");\n         \n        } else {\n                      jQuery(\".intro-menu\").removeClass(\"open\");\n        }\n        open = !open;\n    });\n<\/script>\t\t<\/div>\n\t\t\t\t<\/div>\n\t\t\t\t\t<\/div>\n\t\t<\/div>\n\t\t\t\t\t<\/div>\n\t\t<\/section>\n\t\t\t\t<\/div>","protected":false},"excerpt":{"rendered":"<p>_________ POR FAVOR SELECCIONA TU PAIS CANADA (ENGLISH) M\u00c9XICO (ESPA\u00d1OL)<\/p>","protected":false},"author":2,"featured_media":988309,"parent":0,"menu_order":0,"comment_status":"closed","ping_status":"closed","template":"","meta":{"footnotes":""},"class_list":["post-989529","page","type-page","status-publish","has-post-thumbnail","hentry"],"yoast_head":"<!-- This site is optimized with the Yoast SEO plugin v23.0 - https:\/\/yoast.com\/wordpress\/plugins\/seo\/ -->\n<title>Inicio - Ma ch\u00e8re Joyer\u00eda<\/title>\n<meta name=\"description\" content=\"Somos una marca de joyer\u00eda mexicana. Surge de la necesidad de hacernos sentir \u00fanicas y recordarnos que somos bellas tal cual como somos.\" \/>\n<meta name=\"robots\" content=\"index, follow, max-snippet:-1, max-image-preview:large, max-video-preview:-1\" \/>\n<link rel=\"canonical\" href=\"https:\/\/macherejoyeria.com\/en\/\" \/>\n<meta property=\"og:locale\" content=\"en_US\" \/>\n<meta property=\"og:type\" content=\"article\" \/>\n<meta property=\"og:title\" content=\"Inicio - Ma ch\u00e8re Joyer\u00eda\" \/>\n<meta property=\"og:description\" content=\"Somos una marca de joyer\u00eda mexicana. Surge de la necesidad de hacernos sentir \u00fanicas y recordarnos que somos bellas tal cual como somos.\" \/>\n<meta property=\"og:url\" content=\"https:\/\/macherejoyeria.com\/en\/\" \/>\n<meta property=\"og:site_name\" content=\"Ma ch\u00e8re Joyer\u00eda\" \/>\n<meta property=\"article:modified_time\" content=\"2024-07-05T17:20:09+00:00\" \/>\n<meta property=\"og:image\" content=\"https:\/\/macherejoyeria.com\/wp-content\/uploads\/2022\/09\/Picture1.jpg\" \/>\n\t<meta property=\"og:image:width\" content=\"513\" \/>\n\t<meta property=\"og:image:height\" content=\"605\" \/>\n\t<meta property=\"og:image:type\" content=\"image\/jpeg\" \/>\n<meta name=\"twitter:card\" content=\"summary_large_image\" \/>\n<meta name=\"twitter:label1\" content=\"Est. reading time\" \/>\n\t<meta name=\"twitter:data1\" content=\"2 minutes\" \/>\n<script type=\"application\/ld+json\" class=\"yoast-schema-graph\">{\"@context\":\"https:\/\/schema.org\",\"@graph\":[{\"@type\":\"WebPage\",\"@id\":\"https:\/\/macherejoyeria.com\/en\/\",\"url\":\"https:\/\/macherejoyeria.com\/en\/\",\"name\":\"Inicio - Ma ch\u00e8re Joyer\u00eda\",\"isPartOf\":{\"@id\":\"https:\/\/macherejoyeria.com\/#website\"},\"primaryImageOfPage\":{\"@id\":\"https:\/\/macherejoyeria.com\/en\/#primaryimage\"},\"image\":{\"@id\":\"https:\/\/macherejoyeria.com\/en\/#primaryimage\"},\"thumbnailUrl\":\"https:\/\/macherejoyeria.com\/wp-content\/uploads\/2022\/09\/Picture1.jpg\",\"datePublished\":\"2024-01-31T22:21:38+00:00\",\"dateModified\":\"2024-07-05T17:20:09+00:00\",\"description\":\"Somos una marca de joyer\u00eda mexicana. Surge de la necesidad de hacernos sentir \u00fanicas y recordarnos que somos bellas tal cual como somos.\",\"breadcrumb\":{\"@id\":\"https:\/\/macherejoyeria.com\/en\/#breadcrumb\"},\"inLanguage\":\"en-US\",\"potentialAction\":[{\"@type\":\"ReadAction\",\"target\":[\"https:\/\/macherejoyeria.com\/en\/\"]}]},{\"@type\":\"ImageObject\",\"inLanguage\":\"en-US\",\"@id\":\"https:\/\/macherejoyeria.com\/en\/#primaryimage\",\"url\":\"https:\/\/macherejoyeria.com\/wp-content\/uploads\/2022\/09\/Picture1.jpg\",\"contentUrl\":\"https:\/\/macherejoyeria.com\/wp-content\/uploads\/2022\/09\/Picture1.jpg\",\"width\":513,\"height\":605},{\"@type\":\"BreadcrumbList\",\"@id\":\"https:\/\/macherejoyeria.com\/en\/#breadcrumb\",\"itemListElement\":[{\"@type\":\"ListItem\",\"position\":1,\"name\":\"Inicio\",\"item\":\"https:\/\/macherejoyeria.com\/en\/\"},{\"@type\":\"ListItem\",\"position\":2,\"name\":\"Inicio\"}]},{\"@type\":\"WebSite\",\"@id\":\"https:\/\/macherejoyeria.com\/#website\",\"url\":\"https:\/\/macherejoyeria.com\/\",\"name\":\"Ma ch\u00e8re Joyer\u00eda\",\"description\":\"\",\"publisher\":{\"@id\":\"https:\/\/macherejoyeria.com\/#organization\"},\"potentialAction\":[{\"@type\":\"SearchAction\",\"target\":{\"@type\":\"EntryPoint\",\"urlTemplate\":\"https:\/\/macherejoyeria.com\/?s={search_term_string}\"},\"query-input\":\"required name=search_term_string\"}],\"inLanguage\":\"en-US\"},{\"@type\":\"Organization\",\"@id\":\"https:\/\/macherejoyeria.com\/#organization\",\"name\":\"Ma ch\u00e8re Joyer\u00eda\",\"url\":\"https:\/\/macherejoyeria.com\/\",\"logo\":{\"@type\":\"ImageObject\",\"inLanguage\":\"en-US\",\"@id\":\"https:\/\/macherejoyeria.com\/#\/schema\/logo\/image\/\",\"url\":\"https:\/\/macherejoyeria.com\/wp-content\/uploads\/2020\/02\/logo-nuevo-1.png\",\"contentUrl\":\"https:\/\/macherejoyeria.com\/wp-content\/uploads\/2020\/02\/logo-nuevo-1.png\",\"width\":562,\"height\":562,\"caption\":\"Ma ch\u00e8re Joyer\u00eda\"},\"image\":{\"@id\":\"https:\/\/macherejoyeria.com\/#\/schema\/logo\/image\/\"}}]}<\/script>\n<!-- \/ Yoast SEO plugin. -->","yoast_head_json":{"title":"Inicio - Ma ch\u00e8re Joyer\u00eda","description":"Somos una marca de joyer\u00eda mexicana. Surge de la necesidad de hacernos sentir \u00fanicas y recordarnos que somos bellas tal cual como somos.","robots":{"index":"index","follow":"follow","max-snippet":"max-snippet:-1","max-image-preview":"max-image-preview:large","max-video-preview":"max-video-preview:-1"},"canonical":"https:\/\/macherejoyeria.com\/en\/","og_locale":"en_US","og_type":"article","og_title":"Inicio - Ma ch\u00e8re Joyer\u00eda","og_description":"Somos una marca de joyer\u00eda mexicana. Surge de la necesidad de hacernos sentir \u00fanicas y recordarnos que somos bellas tal cual como somos.","og_url":"https:\/\/macherejoyeria.com\/en\/","og_site_name":"Ma ch\u00e8re Joyer\u00eda","article_modified_time":"2024-07-05T17:20:09+00:00","og_image":[{"width":513,"height":605,"url":"https:\/\/macherejoyeria.com\/wp-content\/uploads\/2022\/09\/Picture1.jpg","type":"image\/jpeg"}],"twitter_card":"summary_large_image","twitter_misc":{"Est. reading time":"2 minutes"},"schema":{"@context":"https:\/\/schema.org","@graph":[{"@type":"WebPage","@id":"https:\/\/macherejoyeria.com\/en\/","url":"https:\/\/macherejoyeria.com\/en\/","name":"Inicio - Ma ch\u00e8re Joyer\u00eda","isPartOf":{"@id":"https:\/\/macherejoyeria.com\/#website"},"primaryImageOfPage":{"@id":"https:\/\/macherejoyeria.com\/en\/#primaryimage"},"image":{"@id":"https:\/\/macherejoyeria.com\/en\/#primaryimage"},"thumbnailUrl":"https:\/\/macherejoyeria.com\/wp-content\/uploads\/2022\/09\/Picture1.jpg","datePublished":"2024-01-31T22:21:38+00:00","dateModified":"2024-07-05T17:20:09+00:00","description":"Somos una marca de joyer\u00eda mexicana. Surge de la necesidad de hacernos sentir \u00fanicas y recordarnos que somos bellas tal cual como somos.","breadcrumb":{"@id":"https:\/\/macherejoyeria.com\/en\/#breadcrumb"},"inLanguage":"en-US","potentialAction":[{"@type":"ReadAction","target":["https:\/\/macherejoyeria.com\/en\/"]}]},{"@type":"ImageObject","inLanguage":"en-US","@id":"https:\/\/macherejoyeria.com\/en\/#primaryimage","url":"https:\/\/macherejoyeria.com\/wp-content\/uploads\/2022\/09\/Picture1.jpg","contentUrl":"https:\/\/macherejoyeria.com\/wp-content\/uploads\/2022\/09\/Picture1.jpg","width":513,"height":605},{"@type":"BreadcrumbList","@id":"https:\/\/macherejoyeria.com\/en\/#breadcrumb","itemListElement":[{"@type":"ListItem","position":1,"name":"Inicio","item":"https:\/\/macherejoyeria.com\/en\/"},{"@type":"ListItem","position":2,"name":"Inicio"}]},{"@type":"WebSite","@id":"https:\/\/macherejoyeria.com\/#website","url":"https:\/\/macherejoyeria.com\/","name":"Ma ch\u00e8re Joyer\u00eda","description":"","publisher":{"@id":"https:\/\/macherejoyeria.com\/#organization"},"potentialAction":[{"@type":"SearchAction","target":{"@type":"EntryPoint","urlTemplate":"https:\/\/macherejoyeria.com\/?s={search_term_string}"},"query-input":"required name=search_term_string"}],"inLanguage":"en-US"},{"@type":"Organization","@id":"https:\/\/macherejoyeria.com\/#organization","name":"Ma ch\u00e8re Joyer\u00eda","url":"https:\/\/macherejoyeria.com\/","logo":{"@type":"ImageObject","inLanguage":"en-US","@id":"https:\/\/macherejoyeria.com\/#\/schema\/logo\/image\/","url":"https:\/\/macherejoyeria.com\/wp-content\/uploads\/2020\/02\/logo-nuevo-1.png","contentUrl":"https:\/\/macherejoyeria.com\/wp-content\/uploads\/2020\/02\/logo-nuevo-1.png","width":562,"height":562,"caption":"Ma ch\u00e8re Joyer\u00eda"},"image":{"@id":"https:\/\/macherejoyeria.com\/#\/schema\/logo\/image\/"}}]}},"_links":{"self":[{"href":"https:\/\/macherejoyeria.com\/en\/wp-json\/wp\/v2\/pages\/989529","targetHints":{"allow":["GET"]}}],"collection":[{"href":"https:\/\/macherejoyeria.com\/en\/wp-json\/wp\/v2\/pages"}],"about":[{"href":"https:\/\/macherejoyeria.com\/en\/wp-json\/wp\/v2\/types\/page"}],"author":[{"embeddable":true,"href":"https:\/\/macherejoyeria.com\/en\/wp-json\/wp\/v2\/users\/2"}],"replies":[{"embeddable":true,"href":"https:\/\/macherejoyeria.com\/en\/wp-json\/wp\/v2\/comments?post=989529"}],"version-history":[{"count":236,"href":"https:\/\/macherejoyeria.com\/en\/wp-json\/wp\/v2\/pages\/989529\/revisions"}],"predecessor-version":[{"id":989836,"href":"https:\/\/macherejoyeria.com\/en\/wp-json\/wp\/v2\/pages\/989529\/revisions\/989836"}],"wp:featuredmedia":[{"embeddable":true,"href":"https:\/\/macherejoyeria.com\/en\/wp-json\/wp\/v2\/media\/988309"}],"wp:attachment":[{"href":"https:\/\/macherejoyeria.com\/en\/wp-json\/wp\/v2\/media?parent=989529"}],"curies":[{"name":"wp","href":"https:\/\/api.w.org\/{rel}","templated":true}]}}