{"id":988424,"date":"2022-09-26T14:05:05","date_gmt":"2022-09-26T17:05:05","guid":{"rendered":"https:\/\/macherejoyeria.com\/?page_id=988424"},"modified":"2024-01-03T19:02:45","modified_gmt":"2024-01-03T22:02:45","slug":"elementor-988424","status":"publish","type":"page","link":"https:\/\/macherejoyeria.com\/en\/elementor-988424\/","title":{"rendered":"Cares"},"content":{"rendered":"<div data-elementor-type=\"wp-page\" data-elementor-id=\"988424\" class=\"elementor elementor-988424\" data-elementor-post-type=\"page\">\n\t\t\t\t\t\t<section data-particle_enable=\"false\" data-particle-mobile-disabled=\"false\" class=\"elementor-section elementor-top-section elementor-element elementor-element-e824ee7 elementor-section-boxed elementor-section-height-default elementor-section-height-default\" data-id=\"e824ee7\" data-element_type=\"section\">\n\t\t\t\t\t\t<div class=\"elementor-container elementor-column-gap-default\">\n\t\t\t\t\t<div class=\"elementor-column elementor-col-100 elementor-top-column elementor-element elementor-element-3ca15c2\" data-id=\"3ca15c2\" data-element_type=\"column\">\n\t\t\t<div class=\"elementor-widget-wrap elementor-element-populated\">\n\t\t\t\t\t\t<section data-particle_enable=\"false\" data-particle-mobile-disabled=\"false\" class=\"elementor-section elementor-inner-section elementor-element elementor-element-b3e880f elementor-section-boxed elementor-section-height-default elementor-section-height-default\" data-id=\"b3e880f\" data-element_type=\"section\">\n\t\t\t\t\t\t<div class=\"elementor-container elementor-column-gap-default\">\n\t\t\t\t\t<div class=\"elementor-column elementor-col-25 elementor-inner-column elementor-element elementor-element-8807515\" data-id=\"8807515\" data-element_type=\"column\">\n\t\t\t<div class=\"elementor-widget-wrap elementor-element-populated\">\n\t\t\t\t\t\t<div class=\"elementor-element elementor-element-8eca172 elementor-view-default elementor-widget elementor-widget-icon\" data-id=\"8eca172\" data-element_type=\"widget\" data-widget_type=\"icon.default\">\n\t\t\t\t<div class=\"elementor-widget-container\">\n\t\t\t\t\t<div class=\"elementor-icon-wrapper\">\n\t\t\t<div class=\"elementor-icon\">\n\t\t\t<i aria-hidden=\"true\" class=\"fas fa-spray-can\"><\/i>\t\t\t<\/div>\n\t\t<\/div>\n\t\t\t\t<\/div>\n\t\t\t\t<\/div>\n\t\t\t\t<div class=\"elementor-element elementor-element-0a24f39 elementor-widget elementor-widget-heading\" data-id=\"0a24f39\" data-element_type=\"widget\" data-widget_type=\"heading.default\">\n\t\t\t\t<div class=\"elementor-widget-container\">\n\t\t\t<h5 class=\"elementor-heading-title elementor-size-default\">Avoid applying perfume directly to jewelry.<\/h5>\t\t<\/div>\n\t\t\t\t<\/div>\n\t\t\t\t\t<\/div>\n\t\t<\/div>\n\t\t\t\t<div class=\"elementor-column elementor-col-25 elementor-inner-column elementor-element elementor-element-3299500\" data-id=\"3299500\" data-element_type=\"column\">\n\t\t\t<div class=\"elementor-widget-wrap elementor-element-populated\">\n\t\t\t\t\t\t<div class=\"elementor-element elementor-element-6cac451 elementor-view-default elementor-widget elementor-widget-icon\" data-id=\"6cac451\" data-element_type=\"widget\" data-widget_type=\"icon.default\">\n\t\t\t\t<div class=\"elementor-widget-container\">\n\t\t\t\t\t<div class=\"elementor-icon-wrapper\">\n\t\t\t<div class=\"elementor-icon\">\n\t\t\t<i aria-hidden=\"true\" class=\"fas fa-bath\"><\/i>\t\t\t<\/div>\n\t\t<\/div>\n\t\t\t\t<\/div>\n\t\t\t\t<\/div>\n\t\t\t\t<div class=\"elementor-element elementor-element-c4e2c93 elementor-widget elementor-widget-heading\" data-id=\"c4e2c93\" data-element_type=\"widget\" data-widget_type=\"heading.default\">\n\t\t\t\t<div class=\"elementor-widget-container\">\n\t\t\t<h5 class=\"elementor-heading-title elementor-size-default\">Do not take a bath with your jewelry.<\/h5>\t\t<\/div>\n\t\t\t\t<\/div>\n\t\t\t\t\t<\/div>\n\t\t<\/div>\n\t\t\t\t<div class=\"elementor-column elementor-col-25 elementor-inner-column elementor-element elementor-element-a7551ea\" data-id=\"a7551ea\" data-element_type=\"column\">\n\t\t\t<div class=\"elementor-widget-wrap elementor-element-populated\">\n\t\t\t\t\t\t<div class=\"elementor-element elementor-element-2172259 elementor-view-default elementor-widget elementor-widget-icon\" data-id=\"2172259\" data-element_type=\"widget\" data-widget_type=\"icon.default\">\n\t\t\t\t<div class=\"elementor-widget-container\">\n\t\t\t\t\t<div class=\"elementor-icon-wrapper\">\n\t\t\t<div class=\"elementor-icon\">\n\t\t\t<i aria-hidden=\"true\" class=\"fas fa-water\"><\/i>\t\t\t<\/div>\n\t\t<\/div>\n\t\t\t\t<\/div>\n\t\t\t\t<\/div>\n\t\t\t\t<div class=\"elementor-element elementor-element-32344b6 elementor-widget elementor-widget-heading\" data-id=\"32344b6\" data-element_type=\"widget\" data-widget_type=\"heading.default\">\n\t\t\t\t<div class=\"elementor-widget-container\">\n\t\t\t<h5 class=\"elementor-heading-title elementor-size-default\">Protect your jewelry from the sea and pools.<\/h5>\t\t<\/div>\n\t\t\t\t<\/div>\n\t\t\t\t\t<\/div>\n\t\t<\/div>\n\t\t\t\t<div class=\"elementor-column elementor-col-25 elementor-inner-column elementor-element elementor-element-8d0cdfc\" data-id=\"8d0cdfc\" data-element_type=\"column\">\n\t\t\t<div class=\"elementor-widget-wrap elementor-element-populated\">\n\t\t\t\t\t\t<div class=\"elementor-element elementor-element-bfe6d7b elementor-view-default elementor-widget elementor-widget-icon\" data-id=\"bfe6d7b\" data-element_type=\"widget\" data-widget_type=\"icon.default\">\n\t\t\t\t<div class=\"elementor-widget-container\">\n\t\t\t\t\t<div class=\"elementor-icon-wrapper\">\n\t\t\t<div class=\"elementor-icon\">\n\t\t\t<i aria-hidden=\"true\" class=\"fab fa-cotton-bureau\"><\/i>\t\t\t<\/div>\n\t\t<\/div>\n\t\t\t\t<\/div>\n\t\t\t\t<\/div>\n\t\t\t\t<div class=\"elementor-element elementor-element-4aadecf elementor-widget elementor-widget-heading\" data-id=\"4aadecf\" data-element_type=\"widget\" data-widget_type=\"heading.default\">\n\t\t\t\t<div class=\"elementor-widget-container\">\n\t\t\t<h5 class=\"elementor-heading-title elementor-size-default\">Clean with cotton or flannel cloth after use.<\/h5>\t\t<\/div>\n\t\t\t\t<\/div>\n\t\t\t\t\t<\/div>\n\t\t<\/div>\n\t\t\t\t\t<\/div>\n\t\t<\/section>\n\t\t\t\t<section data-particle_enable=\"false\" data-particle-mobile-disabled=\"false\" class=\"elementor-section elementor-inner-section elementor-element elementor-element-e8e4d95 elementor-section-boxed elementor-section-height-default elementor-section-height-default\" data-id=\"e8e4d95\" data-element_type=\"section\">\n\t\t\t\t\t\t<div class=\"elementor-container elementor-column-gap-default\">\n\t\t\t\t\t<div class=\"elementor-column elementor-col-100 elementor-inner-column elementor-element elementor-element-f05eebc\" data-id=\"f05eebc\" data-element_type=\"column\">\n\t\t\t<div class=\"elementor-widget-wrap\">\n\t\t\t\t\t\t\t<\/div>\n\t\t<\/div>\n\t\t\t\t\t<\/div>\n\t\t<\/section>\n\t\t\t\t\t<\/div>\n\t\t<\/div>\n\t\t\t\t\t<\/div>\n\t\t<\/section>\n\t\t\t\t<\/div>","protected":false},"excerpt":{"rendered":"<p>EVITA APLICAR PERFUME DIRECTAMENTE A LA JOYER\u00cdA. DE PREFERENCIA NO DORMIR NI BA\u00d1ARSE CON LOS ACCESORIOS. PROTEGE TU JOYER\u00cdA DEL MAR, LAS ALBERCAS Y PROCURA NO BA\u00d1ARTE CON ELLAS. LIMPIAR CON TELA DE ALGOD\u00d3N O FRANELA ANTES Y DESPU\u00c9S DE USARLA.<\/p>","protected":false},"author":1,"featured_media":0,"parent":0,"menu_order":0,"comment_status":"closed","ping_status":"closed","template":"","meta":{"footnotes":""},"class_list":["post-988424","page","type-page","status-publish","hentry"],"yoast_head":"<!-- This site is optimized with the Yoast SEO plugin v23.0 - https:\/\/yoast.com\/wordpress\/plugins\/seo\/ -->\n<title>Cuidados - Ma ch\u00e8re Joyer\u00eda<\/title>\n<meta name=\"robots\" content=\"index, follow, max-snippet:-1, max-image-preview:large, max-video-preview:-1\" \/>\n<link rel=\"canonical\" href=\"https:\/\/macherejoyeria.com\/en\/elementor-988424\/\" \/>\n<meta property=\"og:locale\" content=\"en_US\" \/>\n<meta property=\"og:type\" content=\"article\" \/>\n<meta property=\"og:title\" content=\"Cuidados - Ma ch\u00e8re Joyer\u00eda\" \/>\n<meta property=\"og:description\" content=\"EVITA APLICAR PERFUME DIRECTAMENTE A LA JOYER\u00cdA. DE PREFERENCIA NO DORMIR NI BA\u00d1ARSE CON LOS ACCESORIOS. PROTEGE TU JOYER\u00cdA DEL MAR, LAS ALBERCAS Y PROCURA NO BA\u00d1ARTE CON ELLAS. LIMPIAR CON TELA DE ALGOD\u00d3N O FRANELA ANTES Y DESPU\u00c9S DE USARLA.\" \/>\n<meta property=\"og:url\" content=\"https:\/\/macherejoyeria.com\/en\/elementor-988424\/\" \/>\n<meta property=\"og:site_name\" content=\"Ma ch\u00e8re Joyer\u00eda\" \/>\n<meta property=\"article:modified_time\" content=\"2024-01-03T22:02:45+00:00\" \/>\n<meta name=\"twitter:card\" content=\"summary_large_image\" \/>\n<script type=\"application\/ld+json\" class=\"yoast-schema-graph\">{\"@context\":\"https:\/\/schema.org\",\"@graph\":[{\"@type\":\"WebPage\",\"@id\":\"https:\/\/macherejoyeria.com\/en\/elementor-988424\/\",\"url\":\"https:\/\/macherejoyeria.com\/en\/elementor-988424\/\",\"name\":\"Cuidados - Ma ch\u00e8re Joyer\u00eda\",\"isPartOf\":{\"@id\":\"https:\/\/macherejoyeria.com\/#website\"},\"datePublished\":\"2022-09-26T17:05:05+00:00\",\"dateModified\":\"2024-01-03T22:02:45+00:00\",\"breadcrumb\":{\"@id\":\"https:\/\/macherejoyeria.com\/en\/elementor-988424\/#breadcrumb\"},\"inLanguage\":\"en-US\",\"potentialAction\":[{\"@type\":\"ReadAction\",\"target\":[\"https:\/\/macherejoyeria.com\/en\/elementor-988424\/\"]}]},{\"@type\":\"BreadcrumbList\",\"@id\":\"https:\/\/macherejoyeria.com\/en\/elementor-988424\/#breadcrumb\",\"itemListElement\":[{\"@type\":\"ListItem\",\"position\":1,\"name\":\"Inicio\",\"item\":\"https:\/\/macherejoyeria.com\/en\/\"},{\"@type\":\"ListItem\",\"position\":2,\"name\":\"Cuidados\"}]},{\"@type\":\"WebSite\",\"@id\":\"https:\/\/macherejoyeria.com\/#website\",\"url\":\"https:\/\/macherejoyeria.com\/\",\"name\":\"Ma ch\u00e8re Joyer\u00eda\",\"description\":\"\",\"publisher\":{\"@id\":\"https:\/\/macherejoyeria.com\/#organization\"},\"potentialAction\":[{\"@type\":\"SearchAction\",\"target\":{\"@type\":\"EntryPoint\",\"urlTemplate\":\"https:\/\/macherejoyeria.com\/?s={search_term_string}\"},\"query-input\":\"required name=search_term_string\"}],\"inLanguage\":\"en-US\"},{\"@type\":\"Organization\",\"@id\":\"https:\/\/macherejoyeria.com\/#organization\",\"name\":\"Ma ch\u00e8re Joyer\u00eda\",\"url\":\"https:\/\/macherejoyeria.com\/\",\"logo\":{\"@type\":\"ImageObject\",\"inLanguage\":\"en-US\",\"@id\":\"https:\/\/macherejoyeria.com\/#\/schema\/logo\/image\/\",\"url\":\"https:\/\/macherejoyeria.com\/wp-content\/uploads\/2020\/02\/logo-nuevo-1.png\",\"contentUrl\":\"https:\/\/macherejoyeria.com\/wp-content\/uploads\/2020\/02\/logo-nuevo-1.png\",\"width\":562,\"height\":562,\"caption\":\"Ma ch\u00e8re Joyer\u00eda\"},\"image\":{\"@id\":\"https:\/\/macherejoyeria.com\/#\/schema\/logo\/image\/\"}}]}<\/script>\n<!-- \/ Yoast SEO plugin. -->","yoast_head_json":{"title":"Cuidados - Ma ch\u00e8re Joyer\u00eda","robots":{"index":"index","follow":"follow","max-snippet":"max-snippet:-1","max-image-preview":"max-image-preview:large","max-video-preview":"max-video-preview:-1"},"canonical":"https:\/\/macherejoyeria.com\/en\/elementor-988424\/","og_locale":"en_US","og_type":"article","og_title":"Cuidados - Ma ch\u00e8re Joyer\u00eda","og_description":"EVITA APLICAR PERFUME DIRECTAMENTE A LA JOYER\u00cdA. DE PREFERENCIA NO DORMIR NI BA\u00d1ARSE CON LOS ACCESORIOS. PROTEGE TU JOYER\u00cdA DEL MAR, LAS ALBERCAS Y PROCURA NO BA\u00d1ARTE CON ELLAS. LIMPIAR CON TELA DE ALGOD\u00d3N O FRANELA ANTES Y DESPU\u00c9S DE USARLA.","og_url":"https:\/\/macherejoyeria.com\/en\/elementor-988424\/","og_site_name":"Ma ch\u00e8re Joyer\u00eda","article_modified_time":"2024-01-03T22:02:45+00:00","twitter_card":"summary_large_image","schema":{"@context":"https:\/\/schema.org","@graph":[{"@type":"WebPage","@id":"https:\/\/macherejoyeria.com\/en\/elementor-988424\/","url":"https:\/\/macherejoyeria.com\/en\/elementor-988424\/","name":"Cuidados - Ma ch\u00e8re Joyer\u00eda","isPartOf":{"@id":"https:\/\/macherejoyeria.com\/#website"},"datePublished":"2022-09-26T17:05:05+00:00","dateModified":"2024-01-03T22:02:45+00:00","breadcrumb":{"@id":"https:\/\/macherejoyeria.com\/en\/elementor-988424\/#breadcrumb"},"inLanguage":"en-US","potentialAction":[{"@type":"ReadAction","target":["https:\/\/macherejoyeria.com\/en\/elementor-988424\/"]}]},{"@type":"BreadcrumbList","@id":"https:\/\/macherejoyeria.com\/en\/elementor-988424\/#breadcrumb","itemListElement":[{"@type":"ListItem","position":1,"name":"Inicio","item":"https:\/\/macherejoyeria.com\/en\/"},{"@type":"ListItem","position":2,"name":"Cuidados"}]},{"@type":"WebSite","@id":"https:\/\/macherejoyeria.com\/#website","url":"https:\/\/macherejoyeria.com\/","name":"Ma ch\u00e8re Joyer\u00eda","description":"","publisher":{"@id":"https:\/\/macherejoyeria.com\/#organization"},"potentialAction":[{"@type":"SearchAction","target":{"@type":"EntryPoint","urlTemplate":"https:\/\/macherejoyeria.com\/?s={search_term_string}"},"query-input":"required name=search_term_string"}],"inLanguage":"en-US"},{"@type":"Organization","@id":"https:\/\/macherejoyeria.com\/#organization","name":"Ma ch\u00e8re Joyer\u00eda","url":"https:\/\/macherejoyeria.com\/","logo":{"@type":"ImageObject","inLanguage":"en-US","@id":"https:\/\/macherejoyeria.com\/#\/schema\/logo\/image\/","url":"https:\/\/macherejoyeria.com\/wp-content\/uploads\/2020\/02\/logo-nuevo-1.png","contentUrl":"https:\/\/macherejoyeria.com\/wp-content\/uploads\/2020\/02\/logo-nuevo-1.png","width":562,"height":562,"caption":"Ma ch\u00e8re Joyer\u00eda"},"image":{"@id":"https:\/\/macherejoyeria.com\/#\/schema\/logo\/image\/"}}]}},"_links":{"self":[{"href":"https:\/\/macherejoyeria.com\/en\/wp-json\/wp\/v2\/pages\/988424","targetHints":{"allow":["GET"]}}],"collection":[{"href":"https:\/\/macherejoyeria.com\/en\/wp-json\/wp\/v2\/pages"}],"about":[{"href":"https:\/\/macherejoyeria.com\/en\/wp-json\/wp\/v2\/types\/page"}],"author":[{"embeddable":true,"href":"https:\/\/macherejoyeria.com\/en\/wp-json\/wp\/v2\/users\/1"}],"replies":[{"embeddable":true,"href":"https:\/\/macherejoyeria.com\/en\/wp-json\/wp\/v2\/comments?post=988424"}],"version-history":[{"count":19,"href":"https:\/\/macherejoyeria.com\/en\/wp-json\/wp\/v2\/pages\/988424\/revisions"}],"predecessor-version":[{"id":989528,"href":"https:\/\/macherejoyeria.com\/en\/wp-json\/wp\/v2\/pages\/988424\/revisions\/989528"}],"wp:attachment":[{"href":"https:\/\/macherejoyeria.com\/en\/wp-json\/wp\/v2\/media?parent=988424"}],"curies":[{"name":"wp","href":"https:\/\/api.w.org\/{rel}","templated":true}]}}